{"id":11,"date":"2022-09-18T16:15:33","date_gmt":"2022-09-18T13:15:33","guid":{"rendered":"https:\/\/estarthealthgroup.com\/?page_id=11"},"modified":"2026-05-08T14:09:48","modified_gmt":"2026-05-08T11:09:48","slug":"home","status":"publish","type":"page","link":"https:\/\/estarthealthgroup.com\/tr\/","title":{"rendered":"Home"},"content":{"rendered":"<div style=\"position: absolute; left: -9200px;\">\n<p>Per maggiori informazioni, consulta il <a href=\"https:\/\/www.europacalcio.it\/migliori-casino-online-stranieri-2026-sicuri-e-verificati-365519\/\">migliori casino online stranieri<\/a>. Questa pagina esplora i casin\u00f2 non AAMS che offrono un deposito minimo di 10 euro, permettendo ai giocatori di iniziare l&#039;esperienza di gioco con un impegno finanziario contenuto.<br \/>\nl contenuto fornisce informazioni dettagliate sulla sicurezza delle piattaforme, sui metodi di pagamento sicuri e sull&#039;offerta di giochi disponibili.<\/p>\n<p><\/p>\n<p>Il deposito minimo di 10 euro \u00e8 una caratteristica apprezzata da molti, poich\u00e9 consente di testare la piattaforma senza rischiare grosse somme di denaro. L&#039;articolo descrive come questa opzione sia perfetta per chi vuole esplorare un casin\u00f2 online senza compromettere il proprio budget iniziale, rendendo il gioco online accessibile anche ai principianti.<\/p>\n<p><\/p>\n<p>La sicurezza \u00e8 uno degli aspetti pi\u00f9 trattati, con informazioni su come riconoscere casin\u00f2 non AAMS affidabili. Viene spiegato come la protezione dei dati personali, l&#039;uso di metodi di pagamento sicuri e la trasparenza delle informazioni siano cruciali per garantire un&#039;esperienza di gioco sicura e positiva. Il contenuto ti guida nel riconoscere quali piattaforme possano offrire tranquillit\u00e0 e affidabilit\u00e0.<\/p>\n<p><\/p>\n<p>Inoltre, l&#039;articolo esplora la variet\u00e0 di giochi offerti da questi casin\u00f2. Le piattaforme non AAMS con deposito minimo di 10 euro generalmente propongono un&#039;ampia selezione di giochi, dalle slot moderne ai giochi da tavolo, fino alle opzioni di giochi live. Questo aiuta gli utenti a scegliere in base alle proprie preferenze e a personalizzare l&#039;esperienza di gioco.<\/p>\n<p><\/p>\n<p>Infine, il contenuto sottolinea l&#039;importanza di giocare in modo responsabile, suggerendo di fissare un budget e di giocare solo con somme che si \u00e8 disposti a perdere. L&#039;articolo si propone di guidare i lettori attraverso scelte informate, enfatizzando la sicurezza e la gestione equilibrata del proprio denaro nel mondo del gioco online.<\/p>\n<\/div>\n<div class=\"ba64943fc9764ba7\" style=\"position: absolute; left: -7786px;\"><a href=\"https:\/\/test1.com\">https:\/\/test1.com<\/a><\/div>\n<div style=\"overflow:hidden;height:1px;\"><a href=\"http:\/\/spinrisecasinoau.com\/\">spinrise casino<\/a><\/div>","protected":false},"excerpt":{"rendered":"<p><!-- Built With Bricks --><\/p>","protected":false},"author":1,"featured_media":0,"parent":0,"menu_order":0,"comment_status":"closed","ping_status":"closed","template":"","meta":{"footnotes":""},"class_list":["post-11","page","type-page","status-publish","hentry"],"_links":{"self":[{"href":"https:\/\/estarthealthgroup.com\/tr\/wp-json\/wp\/v2\/pages\/11","targetHints":{"allow":["GET"]}}],"collection":[{"href":"https:\/\/estarthealthgroup.com\/tr\/wp-json\/wp\/v2\/pages"}],"about":[{"href":"https:\/\/estarthealthgroup.com\/tr\/wp-json\/wp\/v2\/types\/page"}],"author":[{"embeddable":true,"href":"https:\/\/estarthealthgroup.com\/tr\/wp-json\/wp\/v2\/users\/1"}],"replies":[{"embeddable":true,"href":"https:\/\/estarthealthgroup.com\/tr\/wp-json\/wp\/v2\/comments?post=11"}],"version-history":[{"count":33,"href":"https:\/\/estarthealthgroup.com\/tr\/wp-json\/wp\/v2\/pages\/11\/revisions"}],"predecessor-version":[{"id":1005,"href":"https:\/\/estarthealthgroup.com\/tr\/wp-json\/wp\/v2\/pages\/11\/revisions\/1005"}],"wp:attachment":[{"href":"https:\/\/estarthealthgroup.com\/tr\/wp-json\/wp\/v2\/media?parent=11"}],"curies":[{"name":"wp","href":"https:\/\/api.w.org\/{rel}","templated":true}]}}